{"id":22,"date":"2026-04-15T13:14:03","date_gmt":"2026-04-15T13:14:03","guid":{"rendered":"https:\/\/www.passerieux.com\/?page_id=22"},"modified":"2026-04-15T14:37:30","modified_gmt":"2026-04-15T14:37:30","slug":"lauteur","status":"publish","type":"page","link":"https:\/\/www.passerieux.com\/index.php\/lauteur\/","title":{"rendered":"L&rsquo;Auteur"},"content":{"rendered":"\n<div class=\"wp-block-group is-nowrap is-layout-flex wp-container-core-group-is-layout-6c531013 wp-block-group-is-layout-flex\">\n<div class=\"wp-block-group has-global-padding is-layout-constrained wp-block-group-is-layout-constrained\">\n<h2 class=\"wp-block-heading has-large-font-size\">Pierre r. PASSERIEUX<\/h2>\n\n\n\n<p style=\"font-size:clamp(14px, 0.875rem + ((1vw - 3.2px) * 0.392), 18px);\">N\u00e9 \u00e0 Saint-Leu, pr\u00e8s d\u2019Oran, Pierre R. Passerieux est issu de familles de colons de la premi\u00e8re heure en Oranie et de n\u00e9gociants en vins \u00e0 Narbonne. T\u00e9moin direct dans sa jeunesse des convulsions de l\u2019Alg\u00e9rie Fran\u00e7aise, il est, apr\u00e8s des \u00c9tudes Sup\u00e9rieures Sp\u00e9cialis\u00e9es de Droit, N\u00e9gociant en vins puis Courtier Asserment\u00e9 Expert Judiciaire. Au fil du r\u00e9cit il nous livre le t\u00e9moignage d\u2019un op\u00e9rateur majeur du commerce des vins sur les rivages de la M\u00e9diterran\u00e9e.<\/p>\n<\/div>\n\n\n\n<div class=\"wp-block-group has-global-padding is-layout-constrained wp-block-group-is-layout-constrained\">\n<figure class=\"wp-block-image size-full\" style=\"margin-top:0;margin-right:0;margin-bottom:0;margin-left:0\"><img loading=\"lazy\" decoding=\"async\" width=\"193\" height=\"241\" src=\"http:\/\/www.passerieux.com\/wp-content\/uploads\/2026\/04\/pierre-passerieux.jpg\" alt=\"\" class=\"wp-image-28\" style=\"aspect-ratio:2\/3;object-fit:cover\"\/><\/figure>\n<\/div>\n<\/div>\n","protected":false},"excerpt":{"rendered":"<p>Pierre r. PASSERIEUX N\u00e9 \u00e0 Saint-Leu, pr\u00e8s d\u2019Oran, Pierre R. Passerieux est issu de familles de colons de la premi\u00e8re heure en Oranie et de n\u00e9gociants en vins \u00e0 Narbonne. T\u00e9moin direct dans sa jeunesse des convulsions de l\u2019Alg\u00e9rie Fran\u00e7aise, il est, apr\u00e8s des \u00c9tudes Sup\u00e9rieures Sp\u00e9cialis\u00e9es de Droit, N\u00e9gociant en vins puis Courtier Asserment\u00e9 [&hellip;]<\/p>\n","protected":false},"author":1,"featured_media":0,"parent":0,"menu_order":0,"comment_status":"closed","ping_status":"open","template":"","meta":{"footnotes":""},"class_list":["post-22","page","type-page","status-publish","hentry"],"yoast_head":"<!-- This site is optimized with the Yoast SEO plugin v27.4 - https:\/\/yoast.com\/product\/yoast-seo-wordpress\/ -->\n<title>L&#039;Auteur - WordPress<\/title>\n<meta name=\"robots\" content=\"index, follow, max-snippet:-1, max-image-preview:large, max-video-preview:-1\" \/>\n<link rel=\"canonical\" href=\"https:\/\/www.passerieux.com\/index.php\/lauteur\/\" \/>\n<meta property=\"og:locale\" content=\"fr_FR\" \/>\n<meta property=\"og:type\" content=\"article\" \/>\n<meta property=\"og:title\" content=\"L&#039;Auteur - WordPress\" \/>\n<meta property=\"og:description\" content=\"Pierre r. PASSERIEUX N\u00e9 \u00e0 Saint-Leu, pr\u00e8s d\u2019Oran, Pierre R. Passerieux est issu de familles de colons de la premi\u00e8re heure en Oranie et de n\u00e9gociants en vins \u00e0 Narbonne. T\u00e9moin direct dans sa jeunesse des convulsions de l\u2019Alg\u00e9rie Fran\u00e7aise, il est, apr\u00e8s des \u00c9tudes Sup\u00e9rieures Sp\u00e9cialis\u00e9es de Droit, N\u00e9gociant en vins puis Courtier Asserment\u00e9 [&hellip;]\" \/>\n<meta property=\"og:url\" content=\"https:\/\/www.passerieux.com\/index.php\/lauteur\/\" \/>\n<meta property=\"og:site_name\" content=\"WordPress\" \/>\n<meta property=\"article:modified_time\" content=\"2026-04-15T14:37:30+00:00\" \/>\n<meta property=\"og:image\" content=\"https:\/\/www.passerieux.com\/wp-content\/uploads\/2026\/04\/pierre-passerieux.jpg\" \/>\n\t<meta property=\"og:image:width\" content=\"193\" \/>\n\t<meta property=\"og:image:height\" content=\"241\" \/>\n\t<meta property=\"og:image:type\" content=\"image\/jpeg\" \/>\n<meta name=\"twitter:card\" content=\"summary_large_image\" \/>\n<meta name=\"twitter:label1\" content=\"Dur\u00e9e de lecture estim\u00e9e\" \/>\n\t<meta name=\"twitter:data1\" content=\"1 minute\" \/>\n<script type=\"application\/ld+json\" class=\"yoast-schema-graph\">{\"@context\":\"https:\\\/\\\/schema.org\",\"@graph\":[{\"@type\":\"WebPage\",\"@id\":\"https:\\\/\\\/www.passerieux.com\\\/index.php\\\/lauteur\\\/\",\"url\":\"https:\\\/\\\/www.passerieux.com\\\/index.php\\\/lauteur\\\/\",\"name\":\"L'Auteur - WordPress\",\"isPartOf\":{\"@id\":\"https:\\\/\\\/www.passerieux.com\\\/#website\"},\"primaryImageOfPage\":{\"@id\":\"https:\\\/\\\/www.passerieux.com\\\/index.php\\\/lauteur\\\/#primaryimage\"},\"image\":{\"@id\":\"https:\\\/\\\/www.passerieux.com\\\/index.php\\\/lauteur\\\/#primaryimage\"},\"thumbnailUrl\":\"http:\\\/\\\/www.passerieux.com\\\/wp-content\\\/uploads\\\/2026\\\/04\\\/pierre-passerieux.jpg\",\"datePublished\":\"2026-04-15T13:14:03+00:00\",\"dateModified\":\"2026-04-15T14:37:30+00:00\",\"breadcrumb\":{\"@id\":\"https:\\\/\\\/www.passerieux.com\\\/index.php\\\/lauteur\\\/#breadcrumb\"},\"inLanguage\":\"fr-FR\",\"potentialAction\":[{\"@type\":\"ReadAction\",\"target\":[\"https:\\\/\\\/www.passerieux.com\\\/index.php\\\/lauteur\\\/\"]}]},{\"@type\":\"ImageObject\",\"inLanguage\":\"fr-FR\",\"@id\":\"https:\\\/\\\/www.passerieux.com\\\/index.php\\\/lauteur\\\/#primaryimage\",\"url\":\"https:\\\/\\\/www.passerieux.com\\\/wp-content\\\/uploads\\\/2026\\\/04\\\/pierre-passerieux.jpg\",\"contentUrl\":\"https:\\\/\\\/www.passerieux.com\\\/wp-content\\\/uploads\\\/2026\\\/04\\\/pierre-passerieux.jpg\",\"width\":193,\"height\":241},{\"@type\":\"BreadcrumbList\",\"@id\":\"https:\\\/\\\/www.passerieux.com\\\/index.php\\\/lauteur\\\/#breadcrumb\",\"itemListElement\":[{\"@type\":\"ListItem\",\"position\":1,\"name\":\"Accueil\",\"item\":\"https:\\\/\\\/www.passerieux.com\\\/\"},{\"@type\":\"ListItem\",\"position\":2,\"name\":\"L&rsquo;Auteur\"}]},{\"@type\":\"WebSite\",\"@id\":\"https:\\\/\\\/www.passerieux.com\\\/#website\",\"url\":\"https:\\\/\\\/www.passerieux.com\\\/\",\"name\":\"WordPress\",\"description\":\"\",\"potentialAction\":[{\"@type\":\"SearchAction\",\"target\":{\"@type\":\"EntryPoint\",\"urlTemplate\":\"https:\\\/\\\/www.passerieux.com\\\/?s={search_term_string}\"},\"query-input\":{\"@type\":\"PropertyValueSpecification\",\"valueRequired\":true,\"valueName\":\"search_term_string\"}}],\"inLanguage\":\"fr-FR\"}]}<\/script>\n<!-- \/ Yoast SEO plugin. -->","yoast_head_json":{"title":"L'Auteur - WordPress","robots":{"index":"index","follow":"follow","max-snippet":"max-snippet:-1","max-image-preview":"max-image-preview:large","max-video-preview":"max-video-preview:-1"},"canonical":"https:\/\/www.passerieux.com\/index.php\/lauteur\/","og_locale":"fr_FR","og_type":"article","og_title":"L'Auteur - WordPress","og_description":"Pierre r. PASSERIEUX N\u00e9 \u00e0 Saint-Leu, pr\u00e8s d\u2019Oran, Pierre R. Passerieux est issu de familles de colons de la premi\u00e8re heure en Oranie et de n\u00e9gociants en vins \u00e0 Narbonne. T\u00e9moin direct dans sa jeunesse des convulsions de l\u2019Alg\u00e9rie Fran\u00e7aise, il est, apr\u00e8s des \u00c9tudes Sup\u00e9rieures Sp\u00e9cialis\u00e9es de Droit, N\u00e9gociant en vins puis Courtier Asserment\u00e9 [&hellip;]","og_url":"https:\/\/www.passerieux.com\/index.php\/lauteur\/","og_site_name":"WordPress","article_modified_time":"2026-04-15T14:37:30+00:00","og_image":[{"width":193,"height":241,"url":"https:\/\/www.passerieux.com\/wp-content\/uploads\/2026\/04\/pierre-passerieux.jpg","type":"image\/jpeg"}],"twitter_card":"summary_large_image","twitter_misc":{"Dur\u00e9e de lecture estim\u00e9e":"1 minute"},"schema":{"@context":"https:\/\/schema.org","@graph":[{"@type":"WebPage","@id":"https:\/\/www.passerieux.com\/index.php\/lauteur\/","url":"https:\/\/www.passerieux.com\/index.php\/lauteur\/","name":"L'Auteur - WordPress","isPartOf":{"@id":"https:\/\/www.passerieux.com\/#website"},"primaryImageOfPage":{"@id":"https:\/\/www.passerieux.com\/index.php\/lauteur\/#primaryimage"},"image":{"@id":"https:\/\/www.passerieux.com\/index.php\/lauteur\/#primaryimage"},"thumbnailUrl":"http:\/\/www.passerieux.com\/wp-content\/uploads\/2026\/04\/pierre-passerieux.jpg","datePublished":"2026-04-15T13:14:03+00:00","dateModified":"2026-04-15T14:37:30+00:00","breadcrumb":{"@id":"https:\/\/www.passerieux.com\/index.php\/lauteur\/#breadcrumb"},"inLanguage":"fr-FR","potentialAction":[{"@type":"ReadAction","target":["https:\/\/www.passerieux.com\/index.php\/lauteur\/"]}]},{"@type":"ImageObject","inLanguage":"fr-FR","@id":"https:\/\/www.passerieux.com\/index.php\/lauteur\/#primaryimage","url":"https:\/\/www.passerieux.com\/wp-content\/uploads\/2026\/04\/pierre-passerieux.jpg","contentUrl":"https:\/\/www.passerieux.com\/wp-content\/uploads\/2026\/04\/pierre-passerieux.jpg","width":193,"height":241},{"@type":"BreadcrumbList","@id":"https:\/\/www.passerieux.com\/index.php\/lauteur\/#breadcrumb","itemListElement":[{"@type":"ListItem","position":1,"name":"Accueil","item":"https:\/\/www.passerieux.com\/"},{"@type":"ListItem","position":2,"name":"L&rsquo;Auteur"}]},{"@type":"WebSite","@id":"https:\/\/www.passerieux.com\/#website","url":"https:\/\/www.passerieux.com\/","name":"WordPress","description":"","potentialAction":[{"@type":"SearchAction","target":{"@type":"EntryPoint","urlTemplate":"https:\/\/www.passerieux.com\/?s={search_term_string}"},"query-input":{"@type":"PropertyValueSpecification","valueRequired":true,"valueName":"search_term_string"}}],"inLanguage":"fr-FR"}]}},"_links":{"self":[{"href":"https:\/\/www.passerieux.com\/index.php\/wp-json\/wp\/v2\/pages\/22","targetHints":{"allow":["GET"]}}],"collection":[{"href":"https:\/\/www.passerieux.com\/index.php\/wp-json\/wp\/v2\/pages"}],"about":[{"href":"https:\/\/www.passerieux.com\/index.php\/wp-json\/wp\/v2\/types\/page"}],"author":[{"embeddable":true,"href":"https:\/\/www.passerieux.com\/index.php\/wp-json\/wp\/v2\/users\/1"}],"replies":[{"embeddable":true,"href":"https:\/\/www.passerieux.com\/index.php\/wp-json\/wp\/v2\/comments?post=22"}],"version-history":[{"count":15,"href":"https:\/\/www.passerieux.com\/index.php\/wp-json\/wp\/v2\/pages\/22\/revisions"}],"predecessor-version":[{"id":49,"href":"https:\/\/www.passerieux.com\/index.php\/wp-json\/wp\/v2\/pages\/22\/revisions\/49"}],"wp:attachment":[{"href":"https:\/\/www.passerieux.com\/index.php\/wp-json\/wp\/v2\/media?parent=22"}],"curies":[{"name":"wp","href":"https:\/\/api.w.org\/{rel}","templated":true}]}}