{"id":2,"date":"2026-04-15T12:00:43","date_gmt":"2026-04-15T12:00:43","guid":{"rendered":"http:\/\/www.passerieux.com\/?page_id=2"},"modified":"2026-04-15T14:59:16","modified_gmt":"2026-04-15T14:59:16","slug":"sample-page","status":"publish","type":"page","link":"https:\/\/www.passerieux.com\/","title":{"rendered":"Le mythe d&rsquo;une nouvelle Province Fran\u00e7aise sur des rivages sublimes"},"content":{"rendered":"\n<div class=\"wp-block-group has-global-padding is-layout-constrained wp-block-group-is-layout-constrained\">\n<div class=\"wp-block-group has-global-padding is-layout-constrained wp-block-group-is-layout-constrained\">\n<figure class=\"wp-block-image aligncenter size-full is-resized\"><img loading=\"lazy\" decoding=\"async\" width=\"458\" height=\"650\" src=\"http:\/\/www.passerieux.com\/wp-content\/uploads\/2026\/04\/couverture-passerieux.jpg\" alt=\"\" class=\"wp-image-17\" style=\"width:458px;height:auto\" srcset=\"https:\/\/www.passerieux.com\/wp-content\/uploads\/2026\/04\/couverture-passerieux.jpg 458w, https:\/\/www.passerieux.com\/wp-content\/uploads\/2026\/04\/couverture-passerieux-211x300.jpg 211w\" sizes=\"auto, (max-width: 458px) 100vw, 458px\" \/><\/figure>\n<\/div>\n\n\n\n<div class=\"wp-block-group has-global-padding is-layout-constrained wp-block-group-is-layout-constrained\">\n<p style=\"padding-top:0;padding-right:0;padding-bottom:0;padding-left:0;font-size:clamp(14px, 0.875rem + ((1vw - 3.2px) * 0.392), 18px);\">\u00c0 travers la saga de deux familles, Colons vignerons d\u2019Oranie et N\u00e9gociants en vins du Languedoc qui se lient et de rivages en rivages fusionnent, l\u2019auteur nous fait d\u00e9couvrir l\u2019Alg\u00e9rie du bonheur, l\u2019Alg\u00e9rie des rivages inond\u00e9s de soleil, l\u2019Alg\u00e9rie de Camus o\u00f9 \u00abtous les matins d\u2019\u00e9t\u00e9 ont l\u2019air d\u2019\u00eatre les premiers du monde\u00bb.<br>De modestes mais courageux aventuriers r\u00eavant aux terres paradisiaques promises vont vivre, sous la f\u00e9rule de militaires inflexibles, une colonisation anarchique et apr\u00e8s bien des souffrances cr\u00e9er un fastueux vignoble.<\/p>\n\n\n\n<p style=\"font-size:clamp(14px, 0.875rem + ((1vw - 3.2px) * 0.392), 18px);\">Dans un r\u00e9cit pr\u00e9sum\u00e9 autobiographique qui m\u00eale l\u2019intime \u00e0 la grande histoire l\u2019auteur, conjuguant avec justesse l\u2019\u00e9motion du v\u00e9cu et la rigueur du t\u00e9moignage, d\u00e9crit une soci\u00e9t\u00e9 prosp\u00e8re agit\u00e9e par les convulsions d\u2019une d\u00e9colonisation rat\u00e9e.<\/p>\n\n\n\n<p style=\"padding-top:0;padding-right:0;padding-bottom:0;padding-left:0;font-size:clamp(14px, 0.875rem + ((1vw - 3.2px) * 0.392), 18px);\">Et ce sont finalement les \u201cFran\u00e7ais d\u2019Alg\u00e9rie\u201d, en portant un ambitieux g\u00e9n\u00e9ral au pouvoir, qui vont \u00e9crire le destin politique de la France\u2026<\/p>\n\n\n\n<p style=\"font-size:clamp(14px, 0.875rem + ((1vw - 3.2px) * 0.196), 16px);\"><strong>18.00 \u20ac&nbsp;&nbsp; ISBN 979-10-983280-0-8<\/strong><\/p>\n<\/div>\n<\/div>\n","protected":false},"excerpt":{"rendered":"<p>\u00c0 travers la saga de deux familles, Colons vignerons d\u2019Oranie et N\u00e9gociants en vins du Languedoc qui se lient et de rivages en rivages fusionnent, l\u2019auteur nous fait d\u00e9couvrir l\u2019Alg\u00e9rie du bonheur, l\u2019Alg\u00e9rie des rivages inond\u00e9s de soleil, l\u2019Alg\u00e9rie de Camus o\u00f9 \u00abtous les matins d\u2019\u00e9t\u00e9 ont l\u2019air d\u2019\u00eatre les premiers du monde\u00bb.De modestes mais [&hellip;]<\/p>\n","protected":false},"author":1,"featured_media":0,"parent":0,"menu_order":0,"comment_status":"closed","ping_status":"open","template":"","meta":{"footnotes":""},"class_list":["post-2","page","type-page","status-publish","hentry"],"yoast_head":"<!-- This site is optimized with the Yoast SEO plugin v27.4 - https:\/\/yoast.com\/product\/yoast-seo-wordpress\/ -->\n<title>Le mythe d&#039;une nouvelle Province Fran\u00e7aise sur des rivages sublimes - WordPress<\/title>\n<meta name=\"robots\" content=\"index, follow, max-snippet:-1, max-image-preview:large, max-video-preview:-1\" \/>\n<link rel=\"canonical\" href=\"https:\/\/www.passerieux.com\/\" \/>\n<meta property=\"og:locale\" content=\"fr_FR\" \/>\n<meta property=\"og:type\" content=\"article\" \/>\n<meta property=\"og:title\" content=\"Le mythe d&#039;une nouvelle Province Fran\u00e7aise sur des rivages sublimes - WordPress\" \/>\n<meta property=\"og:description\" content=\"\u00c0 travers la saga de deux familles, Colons vignerons d\u2019Oranie et N\u00e9gociants en vins du Languedoc qui se lient et de rivages en rivages fusionnent, l\u2019auteur nous fait d\u00e9couvrir l\u2019Alg\u00e9rie du bonheur, l\u2019Alg\u00e9rie des rivages inond\u00e9s de soleil, l\u2019Alg\u00e9rie de Camus o\u00f9 \u00abtous les matins d\u2019\u00e9t\u00e9 ont l\u2019air d\u2019\u00eatre les premiers du monde\u00bb.De modestes mais [&hellip;]\" \/>\n<meta property=\"og:url\" content=\"https:\/\/www.passerieux.com\/\" \/>\n<meta property=\"og:site_name\" content=\"WordPress\" \/>\n<meta property=\"article:modified_time\" content=\"2026-04-15T14:59:16+00:00\" \/>\n<meta property=\"og:image\" content=\"https:\/\/www.passerieux.com\/wp-content\/uploads\/2026\/04\/couverture-passerieux.jpg\" \/>\n\t<meta property=\"og:image:width\" content=\"458\" \/>\n\t<meta property=\"og:image:height\" content=\"650\" \/>\n\t<meta property=\"og:image:type\" content=\"image\/jpeg\" \/>\n<meta name=\"twitter:card\" content=\"summary_large_image\" \/>\n<meta name=\"twitter:label1\" content=\"Dur\u00e9e de lecture estim\u00e9e\" \/>\n\t<meta name=\"twitter:data1\" content=\"1 minute\" \/>\n<script type=\"application\/ld+json\" class=\"yoast-schema-graph\">{\"@context\":\"https:\\\/\\\/schema.org\",\"@graph\":[{\"@type\":\"WebPage\",\"@id\":\"https:\\\/\\\/www.passerieux.com\\\/\",\"url\":\"https:\\\/\\\/www.passerieux.com\\\/\",\"name\":\"Le mythe d'une nouvelle Province Fran\u00e7aise sur des rivages sublimes - WordPress\",\"isPartOf\":{\"@id\":\"https:\\\/\\\/www.passerieux.com\\\/#website\"},\"primaryImageOfPage\":{\"@id\":\"https:\\\/\\\/www.passerieux.com\\\/#primaryimage\"},\"image\":{\"@id\":\"https:\\\/\\\/www.passerieux.com\\\/#primaryimage\"},\"thumbnailUrl\":\"http:\\\/\\\/www.passerieux.com\\\/wp-content\\\/uploads\\\/2026\\\/04\\\/couverture-passerieux.jpg\",\"datePublished\":\"2026-04-15T12:00:43+00:00\",\"dateModified\":\"2026-04-15T14:59:16+00:00\",\"breadcrumb\":{\"@id\":\"https:\\\/\\\/www.passerieux.com\\\/#breadcrumb\"},\"inLanguage\":\"fr-FR\",\"potentialAction\":[{\"@type\":\"ReadAction\",\"target\":[\"https:\\\/\\\/www.passerieux.com\\\/\"]}]},{\"@type\":\"ImageObject\",\"inLanguage\":\"fr-FR\",\"@id\":\"https:\\\/\\\/www.passerieux.com\\\/#primaryimage\",\"url\":\"\",\"contentUrl\":\"\"},{\"@type\":\"BreadcrumbList\",\"@id\":\"https:\\\/\\\/www.passerieux.com\\\/#breadcrumb\",\"itemListElement\":[{\"@type\":\"ListItem\",\"position\":1,\"name\":\"Accueil\",\"item\":\"https:\\\/\\\/www.passerieux.com\\\/\"},{\"@type\":\"ListItem\",\"position\":2,\"name\":\"Le mythe d&rsquo;une nouvelle Province Fran\u00e7aise sur des rivages sublimes\"}]},{\"@type\":\"WebSite\",\"@id\":\"https:\\\/\\\/www.passerieux.com\\\/#website\",\"url\":\"https:\\\/\\\/www.passerieux.com\\\/\",\"name\":\"WordPress\",\"description\":\"\",\"potentialAction\":[{\"@type\":\"SearchAction\",\"target\":{\"@type\":\"EntryPoint\",\"urlTemplate\":\"https:\\\/\\\/www.passerieux.com\\\/?s={search_term_string}\"},\"query-input\":{\"@type\":\"PropertyValueSpecification\",\"valueRequired\":true,\"valueName\":\"search_term_string\"}}],\"inLanguage\":\"fr-FR\"}]}<\/script>\n<!-- \/ Yoast SEO plugin. -->","yoast_head_json":{"title":"Le mythe d'une nouvelle Province Fran\u00e7aise sur des rivages sublimes - WordPress","robots":{"index":"index","follow":"follow","max-snippet":"max-snippet:-1","max-image-preview":"max-image-preview:large","max-video-preview":"max-video-preview:-1"},"canonical":"https:\/\/www.passerieux.com\/","og_locale":"fr_FR","og_type":"article","og_title":"Le mythe d'une nouvelle Province Fran\u00e7aise sur des rivages sublimes - WordPress","og_description":"\u00c0 travers la saga de deux familles, Colons vignerons d\u2019Oranie et N\u00e9gociants en vins du Languedoc qui se lient et de rivages en rivages fusionnent, l\u2019auteur nous fait d\u00e9couvrir l\u2019Alg\u00e9rie du bonheur, l\u2019Alg\u00e9rie des rivages inond\u00e9s de soleil, l\u2019Alg\u00e9rie de Camus o\u00f9 \u00abtous les matins d\u2019\u00e9t\u00e9 ont l\u2019air d\u2019\u00eatre les premiers du monde\u00bb.De modestes mais [&hellip;]","og_url":"https:\/\/www.passerieux.com\/","og_site_name":"WordPress","article_modified_time":"2026-04-15T14:59:16+00:00","og_image":[{"width":458,"height":650,"url":"https:\/\/www.passerieux.com\/wp-content\/uploads\/2026\/04\/couverture-passerieux.jpg","type":"image\/jpeg"}],"twitter_card":"summary_large_image","twitter_misc":{"Dur\u00e9e de lecture estim\u00e9e":"1 minute"},"schema":{"@context":"https:\/\/schema.org","@graph":[{"@type":"WebPage","@id":"https:\/\/www.passerieux.com\/","url":"https:\/\/www.passerieux.com\/","name":"Le mythe d'une nouvelle Province Fran\u00e7aise sur des rivages sublimes - WordPress","isPartOf":{"@id":"https:\/\/www.passerieux.com\/#website"},"primaryImageOfPage":{"@id":"https:\/\/www.passerieux.com\/#primaryimage"},"image":{"@id":"https:\/\/www.passerieux.com\/#primaryimage"},"thumbnailUrl":"http:\/\/www.passerieux.com\/wp-content\/uploads\/2026\/04\/couverture-passerieux.jpg","datePublished":"2026-04-15T12:00:43+00:00","dateModified":"2026-04-15T14:59:16+00:00","breadcrumb":{"@id":"https:\/\/www.passerieux.com\/#breadcrumb"},"inLanguage":"fr-FR","potentialAction":[{"@type":"ReadAction","target":["https:\/\/www.passerieux.com\/"]}]},{"@type":"ImageObject","inLanguage":"fr-FR","@id":"https:\/\/www.passerieux.com\/#primaryimage","url":"","contentUrl":""},{"@type":"BreadcrumbList","@id":"https:\/\/www.passerieux.com\/#breadcrumb","itemListElement":[{"@type":"ListItem","position":1,"name":"Accueil","item":"https:\/\/www.passerieux.com\/"},{"@type":"ListItem","position":2,"name":"Le mythe d&rsquo;une nouvelle Province Fran\u00e7aise sur des rivages sublimes"}]},{"@type":"WebSite","@id":"https:\/\/www.passerieux.com\/#website","url":"https:\/\/www.passerieux.com\/","name":"WordPress","description":"","potentialAction":[{"@type":"SearchAction","target":{"@type":"EntryPoint","urlTemplate":"https:\/\/www.passerieux.com\/?s={search_term_string}"},"query-input":{"@type":"PropertyValueSpecification","valueRequired":true,"valueName":"search_term_string"}}],"inLanguage":"fr-FR"}]}},"_links":{"self":[{"href":"https:\/\/www.passerieux.com\/index.php\/wp-json\/wp\/v2\/pages\/2","targetHints":{"allow":["GET"]}}],"collection":[{"href":"https:\/\/www.passerieux.com\/index.php\/wp-json\/wp\/v2\/pages"}],"about":[{"href":"https:\/\/www.passerieux.com\/index.php\/wp-json\/wp\/v2\/types\/page"}],"author":[{"embeddable":true,"href":"https:\/\/www.passerieux.com\/index.php\/wp-json\/wp\/v2\/users\/1"}],"replies":[{"embeddable":true,"href":"https:\/\/www.passerieux.com\/index.php\/wp-json\/wp\/v2\/comments?post=2"}],"version-history":[{"count":12,"href":"https:\/\/www.passerieux.com\/index.php\/wp-json\/wp\/v2\/pages\/2\/revisions"}],"predecessor-version":[{"id":55,"href":"https:\/\/www.passerieux.com\/index.php\/wp-json\/wp\/v2\/pages\/2\/revisions\/55"}],"wp:attachment":[{"href":"https:\/\/www.passerieux.com\/index.php\/wp-json\/wp\/v2\/media?parent=2"}],"curies":[{"name":"wp","href":"https:\/\/api.w.org\/{rel}","templated":true}]}}